{"id":2752,"date":"2025-01-27T12:48:56","date_gmt":"2025-01-27T11:48:56","guid":{"rendered":"https:\/\/ballingschmidt.auxodev1.dk\/?page_id=2752"},"modified":"2025-01-28T10:41:33","modified_gmt":"2025-01-28T09:41:33","slug":"cookie-politik","status":"publish","type":"page","link":"https:\/\/ballingschmidt.dk\/en\/cookie-politik\/","title":{"rendered":"Cookie Policy"},"content":{"rendered":"<div data-elementor-type=\"wp-page\" data-elementor-id=\"2752\" class=\"elementor elementor-2752\" data-elementor-post-type=\"page\">\n\t\t\t\t<div class=\"elementor-element elementor-element-3b8ad29 e-flex e-con-boxed e-con e-parent\" data-id=\"3b8ad29\" data-element_type=\"container\" data-e-type=\"container\">\n\t\t\t\t\t<div class=\"e-con-inner\">\n\t\t\t\t<div class=\"elementor-element elementor-element-6a70dae elementor-widget elementor-widget-heading\" data-id=\"6a70dae\" data-element_type=\"widget\" data-e-type=\"widget\" data-widget_type=\"heading.default\">\n\t\t\t\t<div class=\"elementor-widget-container\">\n\t\t\t\t\t<h2 class=\"elementor-heading-title elementor-size-default\">Cookie-politik for hjemmesiden BallingSchmidt.dk<\/h2>\t\t\t\t<\/div>\n\t\t\t\t<\/div>\n\t\t\t\t<div class=\"elementor-element elementor-element-4a0e4c3 elementor-widget elementor-widget-text-editor\" data-id=\"4a0e4c3\" data-element_type=\"widget\" data-e-type=\"widget\" data-widget_type=\"text-editor.default\">\n\t\t\t\t<div class=\"elementor-widget-container\">\n\t\t\t\t\t\t\t\t\t<p><strong>1. Brug af cookies<\/strong><\/p><p>N\u00e5r du bes\u00f8ger min hjemmeside, modtager du automatisk en eller flere cookies.<\/p><p>En cookie er en datafil, der gemmes p\u00e5 dit IT-udstyr og genkendes af en hjemmeside ved tilbagevendende bes\u00f8g, og som g\u00f8r det muligt at sende individualiseret information til din browser. En cookie er en passiv fil, der ikke kan ikke indeholde en virus eller indsamle oplysninger fra din computer.<\/p><p>Det overordnede form\u00e5l med brugen af cookies er at give dig den bedst mulige oplevelse, n\u00e5r du bes\u00f8ger min hjemmeside.<\/p><p>Brugen af cookies p\u00e5 min hjemmeside g\u00f8r det blandt andet muligt at:<\/p><ul><li>genkende enheden, du tilg\u00e5r hjemmesiden fra,<\/li><li>registrere tidspunkter og varighed af bes\u00f8get p\u00e5 hjemmesiden,<\/li><li>identificere s\u00f8gninger og bev\u00e6gem\u00f8nster,<\/li><li>registrere gentagne bes\u00f8g, og<\/li><li>identificere om du tilg\u00e5r hjemmesiden via s\u00f8gemaskine, s\u00f8geord eller eksternt link.<\/li><\/ul><p>Derudover anvendes tredjepart-cookies, som genererer bl.a. webstatistik. Til dette form\u00e5l anvendes tredjepart-cookies fra Google Analytics til at indsamle data om, hvordan du anvender hjemmesiden. Data anvendes til at forbedre din brugeroplevelse. Oplysningerne er anonyme og kan ikke identificere navngivne brugere.<\/p><p>Oplysningerne indsamlet via cookies videregives ikke til tredjemand.<\/p><p>Der kan v\u00e6re links til andre hjemmesider p\u00e5 min hjemmeside. Du b\u00f8r v\u00e6re opm\u00e6rksom p\u00e5, at der kan g\u00e6lde andre cookie-politikker, hvis du v\u00e6lger at f\u00f8lge et link.<\/p><p><strong>2. S\u00e5dan undg\u00e5r du cookies<\/strong><\/p><p>\u00d8nsker du ikke at acceptere cookies, har du mulighed for at indstille din browser til automatisk at afvise cookies. Du kan ogs\u00e5 slette cookies, der ligger p\u00e5 din harddisk. Se mere herom i denne vejledning:\u00a0<a href=\"http:\/\/minecookies.org\/cookiehandtering\">http:\/\/minecookies.org\/cookiehandtering<\/a><\/p><p>Du skal v\u00e6re opm\u00e6rksom p\u00e5, at hvis du sletter eller afviser cookies, kan du risikere, at hjemmesiden ikke fungerer optimalt, og at der er indhold, du ikke kan f\u00e5 adgang til.<\/p><p>Du kan l\u00e6se mere om kravene til cookies i cookiebekendtg\u00f8relsen (BEK nr. 1148 af 09\/12\/2011) og p\u00e5 Digitaliseringsstyrelsens hjemmeside: <a href=\"https:\/\/digst.dk\/sikkerhed\/digitale-tilsyn\/sporingsteknologiomraadet\/cookievejledningen\/\">Cookievejledningen<\/a><\/p><p><strong>3. Kontaktoplysninger<\/strong><\/p><p>Hvis du vil i kontakt med mig ang\u00e5ende min cookie-politik, er du velkommen til at kontakte mig via:<\/p><p>BallingSchmidt ApS<\/p><p>CVR-nr. 4531 9334<\/p><p>C\/O Christina Balling Schmidt<br \/><span style=\"font-family: -apple-system, BlinkMacSystemFont, 'Segoe UI', Roboto, 'Helvetica Neue', Arial, 'Noto Sans', sans-serif, 'Apple Color Emoji', 'Segoe UI Emoji', 'Segoe UI Symbol', 'Noto Color Emoji';\">Skovvej 13<br \/><\/span><span style=\"font-family: -apple-system, BlinkMacSystemFont, 'Segoe UI', Roboto, 'Helvetica Neue', Arial, 'Noto Sans', sans-serif, 'Apple Color Emoji', 'Segoe UI Emoji', 'Segoe UI Symbol', 'Noto Color Emoji';\">2950 Vedb\u00e6k<\/span><\/p><p>E-mail: <a href=\"mailto:christina@ballingschmidt.dk\">christina@ballingschmidt.dk<\/a><\/p><p>Telefon: +45 3010 3918<\/p>\t\t\t\t\t\t\t\t<\/div>\n\t\t\t\t<\/div>\n\t\t\t\t\t<\/div>\n\t\t\t\t<\/div>\n\t\t\t\t<\/div>","protected":false},"excerpt":{"rendered":"<p>Cookie-politik for hjemmesiden BallingSchmidt.dk 1. Brug af cookies N\u00e5r du bes\u00f8ger min hjemmeside, modtager du automatisk en eller flere cookies. En cookie er en datafil, der gemmes p\u00e5 dit IT-udstyr og genkendes af en hjemmeside ved tilbagevendende bes\u00f8g, og som g\u00f8r det muligt at sende individualiseret information til din browser. En cookie er en passiv [&hellip;]<\/p>\n","protected":false},"author":1,"featured_media":0,"parent":0,"menu_order":0,"comment_status":"closed","ping_status":"closed","template":"","meta":{"footnotes":""},"class_list":["post-2752","page","type-page","status-publish","hentry"],"yoast_head":"<!-- This site is optimized with the Yoast SEO plugin v27.5 - https:\/\/yoast.com\/product\/yoast-seo-wordpress\/ -->\n<title>Cookie politik - Balling Schmidt<\/title>\n<meta name=\"robots\" content=\"index, follow, max-snippet:-1, max-image-preview:large, max-video-preview:-1\" \/>\n<link rel=\"canonical\" href=\"https:\/\/ballingschmidt.dk\/en\/cookie-politik\/\" \/>\n<meta property=\"og:locale\" content=\"en_GB\" \/>\n<meta property=\"og:type\" content=\"article\" \/>\n<meta property=\"og:title\" content=\"Cookie politik - Balling Schmidt\" \/>\n<meta property=\"og:description\" content=\"Cookie-politik for hjemmesiden BallingSchmidt.dk 1. Brug af cookies N\u00e5r du bes\u00f8ger min hjemmeside, modtager du automatisk en eller flere cookies. En cookie er en datafil, der gemmes p\u00e5 dit IT-udstyr og genkendes af en hjemmeside ved tilbagevendende bes\u00f8g, og som g\u00f8r det muligt at sende individualiseret information til din browser. En cookie er en passiv [&hellip;]\" \/>\n<meta property=\"og:url\" content=\"https:\/\/ballingschmidt.dk\/en\/cookie-politik\/\" \/>\n<meta property=\"og:site_name\" content=\"Balling Schmidt\" \/>\n<meta property=\"article:modified_time\" content=\"2025-01-28T09:41:33+00:00\" \/>\n<meta name=\"twitter:card\" content=\"summary_large_image\" \/>\n<meta name=\"twitter:label1\" content=\"Estimated reading time\" \/>\n\t<meta name=\"twitter:data1\" content=\"2 minutes\" \/>\n<script type=\"application\/ld+json\" class=\"yoast-schema-graph\">{\"@context\":\"https:\\\/\\\/schema.org\",\"@graph\":[{\"@type\":\"WebPage\",\"@id\":\"https:\\\/\\\/ballingschmidt.dk\\\/cookie-politik\\\/\",\"url\":\"https:\\\/\\\/ballingschmidt.dk\\\/cookie-politik\\\/\",\"name\":\"Cookie politik - Balling Schmidt\",\"isPartOf\":{\"@id\":\"https:\\\/\\\/ballingschmidt.dk\\\/#website\"},\"datePublished\":\"2025-01-27T11:48:56+00:00\",\"dateModified\":\"2025-01-28T09:41:33+00:00\",\"inLanguage\":\"en-GB\",\"potentialAction\":[{\"@type\":\"ReadAction\",\"target\":[\"https:\\\/\\\/ballingschmidt.dk\\\/cookie-politik\\\/\"]}]},{\"@type\":\"WebSite\",\"@id\":\"https:\\\/\\\/ballingschmidt.dk\\\/#website\",\"url\":\"https:\\\/\\\/ballingschmidt.dk\\\/\",\"name\":\"Balling Schmidt\",\"description\":\"\",\"publisher\":{\"@id\":\"https:\\\/\\\/ballingschmidt.dk\\\/#organization\"},\"potentialAction\":[{\"@type\":\"SearchAction\",\"target\":{\"@type\":\"EntryPoint\",\"urlTemplate\":\"https:\\\/\\\/ballingschmidt.dk\\\/?s={search_term_string}\"},\"query-input\":{\"@type\":\"PropertyValueSpecification\",\"valueRequired\":true,\"valueName\":\"search_term_string\"}}],\"inLanguage\":\"en-GB\"},{\"@type\":\"Organization\",\"@id\":\"https:\\\/\\\/ballingschmidt.dk\\\/#organization\",\"name\":\"Balling Schmidt\",\"url\":\"https:\\\/\\\/ballingschmidt.dk\\\/\",\"logo\":{\"@type\":\"ImageObject\",\"inLanguage\":\"en-GB\",\"@id\":\"https:\\\/\\\/ballingschmidt.dk\\\/#\\\/schema\\\/logo\\\/image\\\/\",\"url\":\"https:\\\/\\\/ballingschmidt.dk\\\/wp-content\\\/uploads\\\/Group-314.png\",\"contentUrl\":\"https:\\\/\\\/ballingschmidt.dk\\\/wp-content\\\/uploads\\\/Group-314.png\",\"width\":202,\"height\":60,\"caption\":\"Balling Schmidt\"},\"image\":{\"@id\":\"https:\\\/\\\/ballingschmidt.dk\\\/#\\\/schema\\\/logo\\\/image\\\/\"}}]}<\/script>\n<!-- \/ Yoast SEO plugin. -->","yoast_head_json":{"title":"Cookie politik - Balling Schmidt","robots":{"index":"index","follow":"follow","max-snippet":"max-snippet:-1","max-image-preview":"max-image-preview:large","max-video-preview":"max-video-preview:-1"},"canonical":"https:\/\/ballingschmidt.dk\/en\/cookie-politik\/","og_locale":"en_GB","og_type":"article","og_title":"Cookie politik - Balling Schmidt","og_description":"Cookie-politik for hjemmesiden BallingSchmidt.dk 1. Brug af cookies N\u00e5r du bes\u00f8ger min hjemmeside, modtager du automatisk en eller flere cookies. En cookie er en datafil, der gemmes p\u00e5 dit IT-udstyr og genkendes af en hjemmeside ved tilbagevendende bes\u00f8g, og som g\u00f8r det muligt at sende individualiseret information til din browser. En cookie er en passiv [&hellip;]","og_url":"https:\/\/ballingschmidt.dk\/en\/cookie-politik\/","og_site_name":"Balling Schmidt","article_modified_time":"2025-01-28T09:41:33+00:00","twitter_card":"summary_large_image","twitter_misc":{"Estimated reading time":"2 minutes"},"schema":{"@context":"https:\/\/schema.org","@graph":[{"@type":"WebPage","@id":"https:\/\/ballingschmidt.dk\/cookie-politik\/","url":"https:\/\/ballingschmidt.dk\/cookie-politik\/","name":"Cookie politik - Balling Schmidt","isPartOf":{"@id":"https:\/\/ballingschmidt.dk\/#website"},"datePublished":"2025-01-27T11:48:56+00:00","dateModified":"2025-01-28T09:41:33+00:00","inLanguage":"en-GB","potentialAction":[{"@type":"ReadAction","target":["https:\/\/ballingschmidt.dk\/cookie-politik\/"]}]},{"@type":"WebSite","@id":"https:\/\/ballingschmidt.dk\/#website","url":"https:\/\/ballingschmidt.dk\/","name":"Balling Schmidt","description":"","publisher":{"@id":"https:\/\/ballingschmidt.dk\/#organization"},"potentialAction":[{"@type":"SearchAction","target":{"@type":"EntryPoint","urlTemplate":"https:\/\/ballingschmidt.dk\/?s={search_term_string}"},"query-input":{"@type":"PropertyValueSpecification","valueRequired":true,"valueName":"search_term_string"}}],"inLanguage":"en-GB"},{"@type":"Organization","@id":"https:\/\/ballingschmidt.dk\/#organization","name":"Balling Schmidt","url":"https:\/\/ballingschmidt.dk\/","logo":{"@type":"ImageObject","inLanguage":"en-GB","@id":"https:\/\/ballingschmidt.dk\/#\/schema\/logo\/image\/","url":"https:\/\/ballingschmidt.dk\/wp-content\/uploads\/Group-314.png","contentUrl":"https:\/\/ballingschmidt.dk\/wp-content\/uploads\/Group-314.png","width":202,"height":60,"caption":"Balling Schmidt"},"image":{"@id":"https:\/\/ballingschmidt.dk\/#\/schema\/logo\/image\/"}}]}},"_links":{"self":[{"href":"https:\/\/ballingschmidt.dk\/en\/wp-json\/wp\/v2\/pages\/2752","targetHints":{"allow":["GET"]}}],"collection":[{"href":"https:\/\/ballingschmidt.dk\/en\/wp-json\/wp\/v2\/pages"}],"about":[{"href":"https:\/\/ballingschmidt.dk\/en\/wp-json\/wp\/v2\/types\/page"}],"author":[{"embeddable":true,"href":"https:\/\/ballingschmidt.dk\/en\/wp-json\/wp\/v2\/users\/1"}],"replies":[{"embeddable":true,"href":"https:\/\/ballingschmidt.dk\/en\/wp-json\/wp\/v2\/comments?post=2752"}],"version-history":[{"count":0,"href":"https:\/\/ballingschmidt.dk\/en\/wp-json\/wp\/v2\/pages\/2752\/revisions"}],"wp:attachment":[{"href":"https:\/\/ballingschmidt.dk\/en\/wp-json\/wp\/v2\/media?parent=2752"}],"curies":[{"name":"wp","href":"https:\/\/api.w.org\/{rel}","templated":true}]}}