{"id":3,"date":"2019-03-05T08:52:36","date_gmt":"2019-03-05T07:52:36","guid":{"rendered":"https:\/\/ballingschmidt.auxodev1.dk\/?page_id=3"},"modified":"2025-02-03T10:54:20","modified_gmt":"2025-02-03T09:54:20","slug":"privatlivspolitik","status":"publish","type":"page","link":"https:\/\/ballingschmidt.dk\/en\/privatlivspolitik\/","title":{"rendered":"Privatlivspolitik"},"content":{"rendered":"<div data-elementor-type=\"wp-post\" data-elementor-id=\"3\" class=\"elementor elementor-3\" data-elementor-post-type=\"page\">\n\t\t\t\t<div class=\"elementor-element elementor-element-3c613b1 e-flex e-con-boxed e-con e-parent\" data-id=\"3c613b1\" data-element_type=\"container\" data-e-type=\"container\" data-settings=\"{&quot;background_background&quot;:&quot;classic&quot;}\">\n\t\t\t\t\t<div class=\"e-con-inner\">\n\t\t<div class=\"elementor-element elementor-element-34a6676 e-con-full e-flex e-con e-child\" data-id=\"34a6676\" data-element_type=\"container\" data-e-type=\"container\">\n\t\t\t\t<div class=\"elementor-element elementor-element-bc7fb15 elementor-widget elementor-widget-heading\" data-id=\"bc7fb15\" data-element_type=\"widget\" data-e-type=\"widget\" data-widget_type=\"heading.default\">\n\t\t\t\t<div class=\"elementor-widget-container\">\n\t\t\t\t\t<h1 class=\"elementor-heading-title elementor-size-default\">PRIVATLIVSPOLITIK FOR BALLINGSCHMIDT APS<\/h1>\t\t\t\t<\/div>\n\t\t\t\t<\/div>\n\t\t\t\t<div class=\"elementor-element elementor-element-0c7ce6b elementor-widget elementor-widget-text-editor\" data-id=\"0c7ce6b\" data-element_type=\"widget\" data-e-type=\"widget\" data-widget_type=\"text-editor.default\">\n\t\t\t\t<div class=\"elementor-widget-container\">\n\t\t\t\t\t\t\t\t\t<p><strong>1. Indledning<\/strong><\/p><p>Denne privatlivspolitik g\u00e6lder for de aktiviteter, som jeg ud\u00f8ver gennem BallingSchmidt ApS, CVR-nr. 4531 9334 (\u201d<strong>At BallingSchmidt, you will always be advised by me, and I will always be available for informal discussions on legal matters within my legal expertise.<\/strong>\u201d), medmindre andet er aftalt. Den beskriver, hvordan jeg h\u00e5ndterer personoplysninger, som jeg kommer i besiddelse af i forbindelse med, at jeg yder juridisk r\u00e5dgivning p\u00e5 konsulentbasis til kunder.<\/p><p>Det overordnede princip i min behandling af personoplysninger er, at jeg alene behandler personoplysninger for at varetage legitime interesser og form\u00e5l, og jeg begr\u00e6nser behandlingen til de oplysninger, der er relevante og n\u00f8dvendige til varetagelse af disse interesser og form\u00e5l. Jeg sletter oplysningerne, n\u00e5r de ikke l\u00e6ngere er n\u00f8dvendige for varetagelse af de p\u00e5g\u00e6ldende interesser og form\u00e5l.<\/p><p><strong>2. Dataansvar<\/strong><\/p><p>BallingSchmidt er dataansvarlig for behandlingen af de personoplysninger, jeg modtager i forbindelse med min juridiske konsulentbistand, hvad enten jeg arbejder fysisk hos dig som kunde eller fra distancen.<\/p><p><strong>3. Form\u00e5let med behandlingen <\/strong><\/p><p>Er du kunde eller potentiel kunde hos BallingSchmidt, behandler jeg som udgangspunkt alene dine oplysninger for at kunne yde juridisk r\u00e5dgivning p\u00e5 konsulentbasis til din virksomhed.<\/p><p>Retsgrundlaget for min behandling af oplysninger er databeskyttelsesforordningens artikel 6, herunder s\u00e6rligt artikel 6, stk. 1 a) (du har givet samtykke til behandlingen), artikel 6, stk. 1 b) (n\u00e5r det er n\u00f8dvendigt for at opfylde en kontrakt \/ et aftalegrundlag med dig), artikel 6, stk. 1 c) (det er n\u00f8dvendigt for at overholde en retlig forpligtelse) og artikel 6, stk. 1 f) (for at varetage hensynet til mine berettigede (legitime) interesser i at behandle dine oplysninger), samt, for s\u00e5 vidt ang\u00e5r CPR-nr.,\u00a0 databeskyttelseslovens \u00a7 11, stk. 2.<\/p><p><strong>4. Typen af oplysningen<\/strong><\/p><p>Jeg behandler som udgangspunkt kun almindelige oplysninger (dvs. ikke f\u00f8lsomme oplysninger, der falder ind under databeskyttelsesforordningens artikel 9). Det kan v\u00e6re kontaktoplysninger p\u00e5 fysiske personer, s\u00e5som navn, adresse, telefonnummer, e-mailadresse og tilsvarende kontaktoplysninger p\u00e5 kunder, kunders ejere eller medarbejdere samt disses samarbejdspartnere eller modparter. Derudover modtager jeg oplysninger, som udveksles via bl.a. e-mailkorrespondance og anden korrespondance og, i det omfang jeg modtager personoplysninger over telefonen, oplysninger i form af telefonnotater.<\/p><p>Kun i meget sj\u00e6ldne tilf\u00e6lde, hvor min konsulentbistand giver anledning hertil, vil jeg behandle personf\u00f8lsomme oplysninger, jf. databeskyttelsesforordningens artikel 9, stk. 2, litra a, e eller f. Jeg kan desuden undtagelsesvist behandle oplysninger om strafbare forhold i medf\u00f8r af databeskyttelseslovens \u00a7 8, stk. 3 og 4.<\/p><p>Herudover har jeg i henhold til hvidvasklovgivningen for visse sagstyper pligt til at behandle oplysninger om identitet, herunder fx CPR-nr., pasnummer eller anden legitimationsoplysning om ledelsesmedlemmer og reelle ejere. Oplysninger til brug for at opfylde forpligtelser i henhold til hvidvaskloven bliver udelukkende brugt til dette form\u00e5l.<\/p><p>Dine personoplysninger anvendes kun til markedsf\u00f8ringsm\u00e6ssige form\u00e5l, hvis du udtrykkeligt har givet dit samtykke hertil, jf. databeskyttelsesforordningens artikel 6, stk. 1, litra a. Du har derefter altid mulighed for at framelde e-mails eller andre oplysninger modtaget fra BallingSchmidt. Tilmelder du dig et nyhedsbrev, vil jeg anvende dit navn og e-mailadresse, jf. databeskyttelsesforordningens artikel 6, stk. 1, litra a.<\/p><p><strong>5. Indhentning af oplysninger<\/strong><\/p><p>Jeg modtager som udgangspunkt oplysninger direkte fra dig. I visse tilf\u00e6lde indhenter jeg desuden oplysninger fra diverse offentlige myndigheder, eksempelvis CVR. Dette kan fx ske i forbindelse med opfyldelse af hvidvasklovgivningen. Jeg har outsourcet dele af mine KYC-opgaver til Visma Creditro A\/S (&#8220;<strong>Creditro<\/strong>&#8220;), hvorfor visse oplysninger relateret til hvidvasklovgivningen (jf. ovenfor) ogs\u00e5 vil blive indhentet via Creditro.\u00a0<\/p><p><strong>6. Opbevaring og sletning af oplysninger<\/strong><\/p><p>Jeg sletter automatisk dine personoplysninger, n\u00e5r jeg ikke l\u00e6ngere har brug for dem, medmindre anden lovgivning, f.eks. hvidvasklovgivningen eller bogf\u00f8ringsloven, stiller krav om opbevaring af oplysninger. Personoplysninger, som er indhentet i medf\u00f8r af hvidvaskloven og bogf\u00f8ringsloven, slettes efter 5 \u00e5r efter oph\u00f8r af kundeforholdet.<\/p><p>I s\u00e6rlige tilf\u00e6lde har du ret til at f\u00e5 slettet oplysninger om dig f\u00f8r tidspunktet for automatisk sletning.<\/p><p><strong>7. Modtagere af oplysninger<\/strong><\/p><p>Jeg videregiver alene oplysninger til andre, hvis det er en naturlig del af din aftale med mig, eller hvis jeg bliver p\u00e5lagt at videregive oplysningerne. Det kan eksempelvis v\u00e6re til samarbejdspartnere og leverand\u00f8rer, herunder IT-leverand\u00f8rer og banker, og der vil i s\u00e5 fald kun blive videregivet oplysninger i n\u00f8dvendigt omfang og med en klar instruks om, hvordan oplysningerne m\u00e5 behandles.<\/p><p><strong>8. Dine rettigheder<\/strong><\/p><p><u>Tilbagekaldelse af samtykke<\/u><\/p><p>Du har til enhver tid ret til at tilbagekalde dit samtykke til behandling af personoplysninger. Hvis du tilbagetr\u00e6kker dit samtykke, har det virkning fra det tidspunkt, du tilbagetr\u00e6kker samtykket.<\/p><p><u>Indsigtsret<\/u><br \/>Du har som udgangspunkt ret til at f\u00e5 indsigt i de oplysninger, som BallingSchmidt behandler om dig. Databeskyttelsesforordningen og anden lovgivning, herunder hvidvasklovgivningen, indeholder dog enkelte begr\u00e6nsninger.<\/p><p><u>Berigtigelse<\/u><br \/>Du har ret til at f\u00e5 urigtige oplysninger om dig selv rettet.<\/p><p><u>Begr\u00e6nsning af behandling<\/u><\/p><p>Du har i visse tilf\u00e6lde ret til at f\u00e5 behandlingen af dine personoplysninger begr\u00e6nset. Hvis du har ret til dette, m\u00e5 BallingSchmidt fremover kun behandle oplysningerne \u2013 bortset fra opbevaring \u2013 med dit samtykke eller med henblik p\u00e5, at retskrav kan fastl\u00e6gges, g\u00f8res g\u00e6ldende eller forsvares eller for at beskytte en person eller vigtige samfundsinteresser.<\/p><p><u>Indsigelse<\/u><\/p><p>Du har i visse tilf\u00e6lde ret til at g\u00f8re indsigelse mod den ellers lovlige behandling af dine personoplysninger eller til direkte markedsf\u00f8ring.<\/p><p><u>Dataportabilitet<\/u><\/p><p>Du har i visse tilf\u00e6lde ret til at modtage dine personoplysninger i et struktureret, almindeligt anvendt og maskinl\u00e6sbart format samt at f\u00e5 overf\u00f8rt disse personoplysninger fra \u00e9n dataansvarlig til en anden uden hindring.<\/p><p>Du kan l\u00e6se mere om dine rettigheder i Datatilsynets vejledning om de registreredes rettigheder, som kan findes p\u00e5 www.datatilsynet.dk.<\/p><p><strong>9. Klager<\/strong><\/p><p>Eventuelle klager over behandlingen af dine personoplysninger kan indgives til:<\/p><p>Datatilsynet<br \/>Borgergade 28, 5<br \/>1300 K\u00f8benhavn K<br \/>E-mail: dt@datatilsynet.dk<\/p><p><strong>10. Kontaktoplysninger<\/strong><\/p><p>Hvis du vil i kontakt med BallingSchmidt ang\u00e5ende privatlivspolitikken eller for at ud\u00f8ve dine rettigheder, er du velkommen til at rette kontakt via:<\/p><p>BallingSchmidt ApS<br \/>C\/O Christina Balling Schmidt<br \/>Skovvej 13<br \/>2950 Vedb\u00e6k<\/p><p>E-mail: christina@ballingschmidt.dk<\/p>\t\t\t\t\t\t\t\t<\/div>\n\t\t\t\t<\/div>\n\t\t\t\t<\/div>\n\t\t\t\t\t<\/div>\n\t\t\t\t<\/div>\n\t\t\t\t<\/div>","protected":false},"excerpt":{"rendered":"<p>PRIVATLIVSPOLITIK FOR BALLINGSCHMIDT APS 1. Indledning Denne privatlivspolitik g\u00e6lder for de aktiviteter, som jeg ud\u00f8ver gennem BallingSchmidt ApS, CVR-nr. 4531 9334 (\u201dBallingSchmidt\u201d), medmindre andet er aftalt. Den beskriver, hvordan jeg h\u00e5ndterer personoplysninger, som jeg kommer i besiddelse af i forbindelse med, at jeg yder juridisk r\u00e5dgivning p\u00e5 konsulentbasis til kunder. Det overordnede princip i min [&hellip;]<\/p>\n","protected":false},"author":1,"featured_media":0,"parent":0,"menu_order":0,"comment_status":"closed","ping_status":"open","template":"","meta":{"footnotes":""},"class_list":["post-3","page","type-page","status-publish","hentry"],"yoast_head":"<!-- This site is optimized with the Yoast SEO plugin v27.4 - https:\/\/yoast.com\/product\/yoast-seo-wordpress\/ -->\n<title>Privatlivspolitik - Balling Schmidt<\/title>\n<meta name=\"robots\" content=\"index, follow, max-snippet:-1, max-image-preview:large, max-video-preview:-1\" \/>\n<link rel=\"canonical\" href=\"https:\/\/ballingschmidt.dk\/en\/privatlivspolitik\/\" \/>\n<meta property=\"og:locale\" content=\"en_GB\" \/>\n<meta property=\"og:type\" content=\"article\" \/>\n<meta property=\"og:title\" content=\"Privatlivspolitik - Balling Schmidt\" \/>\n<meta property=\"og:description\" content=\"PRIVATLIVSPOLITIK FOR BALLINGSCHMIDT APS 1. Indledning Denne privatlivspolitik g\u00e6lder for de aktiviteter, som jeg ud\u00f8ver gennem BallingSchmidt ApS, CVR-nr. 4531 9334 (\u201dBallingSchmidt\u201d), medmindre andet er aftalt. Den beskriver, hvordan jeg h\u00e5ndterer personoplysninger, som jeg kommer i besiddelse af i forbindelse med, at jeg yder juridisk r\u00e5dgivning p\u00e5 konsulentbasis til kunder. Det overordnede princip i min [&hellip;]\" \/>\n<meta property=\"og:url\" content=\"https:\/\/ballingschmidt.dk\/en\/privatlivspolitik\/\" \/>\n<meta property=\"og:site_name\" content=\"Balling Schmidt\" \/>\n<meta property=\"article:modified_time\" content=\"2025-02-03T09:54:20+00:00\" \/>\n<meta name=\"twitter:card\" content=\"summary_large_image\" \/>\n<meta name=\"twitter:label1\" content=\"Estimated reading time\" \/>\n\t<meta name=\"twitter:data1\" content=\"6 minutes\" \/>\n<script type=\"application\/ld+json\" class=\"yoast-schema-graph\">{\"@context\":\"https:\\\/\\\/schema.org\",\"@graph\":[{\"@type\":\"WebPage\",\"@id\":\"https:\\\/\\\/ballingschmidt.dk\\\/privatlivspolitik\\\/\",\"url\":\"https:\\\/\\\/ballingschmidt.dk\\\/privatlivspolitik\\\/\",\"name\":\"Privatlivspolitik - Balling Schmidt\",\"isPartOf\":{\"@id\":\"https:\\\/\\\/ballingschmidt.dk\\\/#website\"},\"datePublished\":\"2019-03-05T07:52:36+00:00\",\"dateModified\":\"2025-02-03T09:54:20+00:00\",\"inLanguage\":\"en-GB\",\"potentialAction\":[{\"@type\":\"ReadAction\",\"target\":[\"https:\\\/\\\/ballingschmidt.dk\\\/privatlivspolitik\\\/\"]}]},{\"@type\":\"WebSite\",\"@id\":\"https:\\\/\\\/ballingschmidt.dk\\\/#website\",\"url\":\"https:\\\/\\\/ballingschmidt.dk\\\/\",\"name\":\"Balling Schmidt\",\"description\":\"\",\"publisher\":{\"@id\":\"https:\\\/\\\/ballingschmidt.dk\\\/#organization\"},\"potentialAction\":[{\"@type\":\"SearchAction\",\"target\":{\"@type\":\"EntryPoint\",\"urlTemplate\":\"https:\\\/\\\/ballingschmidt.dk\\\/?s={search_term_string}\"},\"query-input\":{\"@type\":\"PropertyValueSpecification\",\"valueRequired\":true,\"valueName\":\"search_term_string\"}}],\"inLanguage\":\"en-GB\"},{\"@type\":\"Organization\",\"@id\":\"https:\\\/\\\/ballingschmidt.dk\\\/#organization\",\"name\":\"Balling Schmidt\",\"url\":\"https:\\\/\\\/ballingschmidt.dk\\\/\",\"logo\":{\"@type\":\"ImageObject\",\"inLanguage\":\"en-GB\",\"@id\":\"https:\\\/\\\/ballingschmidt.dk\\\/#\\\/schema\\\/logo\\\/image\\\/\",\"url\":\"https:\\\/\\\/ballingschmidt.dk\\\/wp-content\\\/uploads\\\/Group-314.png\",\"contentUrl\":\"https:\\\/\\\/ballingschmidt.dk\\\/wp-content\\\/uploads\\\/Group-314.png\",\"width\":202,\"height\":60,\"caption\":\"Balling Schmidt\"},\"image\":{\"@id\":\"https:\\\/\\\/ballingschmidt.dk\\\/#\\\/schema\\\/logo\\\/image\\\/\"}}]}<\/script>\n<!-- \/ Yoast SEO plugin. -->","yoast_head_json":{"title":"Privatlivspolitik - Balling Schmidt","robots":{"index":"index","follow":"follow","max-snippet":"max-snippet:-1","max-image-preview":"max-image-preview:large","max-video-preview":"max-video-preview:-1"},"canonical":"https:\/\/ballingschmidt.dk\/en\/privatlivspolitik\/","og_locale":"en_GB","og_type":"article","og_title":"Privatlivspolitik - Balling Schmidt","og_description":"PRIVATLIVSPOLITIK FOR BALLINGSCHMIDT APS 1. Indledning Denne privatlivspolitik g\u00e6lder for de aktiviteter, som jeg ud\u00f8ver gennem BallingSchmidt ApS, CVR-nr. 4531 9334 (\u201dBallingSchmidt\u201d), medmindre andet er aftalt. Den beskriver, hvordan jeg h\u00e5ndterer personoplysninger, som jeg kommer i besiddelse af i forbindelse med, at jeg yder juridisk r\u00e5dgivning p\u00e5 konsulentbasis til kunder. Det overordnede princip i min [&hellip;]","og_url":"https:\/\/ballingschmidt.dk\/en\/privatlivspolitik\/","og_site_name":"Balling Schmidt","article_modified_time":"2025-02-03T09:54:20+00:00","twitter_card":"summary_large_image","twitter_misc":{"Estimated reading time":"6 minutes"},"schema":{"@context":"https:\/\/schema.org","@graph":[{"@type":"WebPage","@id":"https:\/\/ballingschmidt.dk\/privatlivspolitik\/","url":"https:\/\/ballingschmidt.dk\/privatlivspolitik\/","name":"Privatlivspolitik - Balling Schmidt","isPartOf":{"@id":"https:\/\/ballingschmidt.dk\/#website"},"datePublished":"2019-03-05T07:52:36+00:00","dateModified":"2025-02-03T09:54:20+00:00","inLanguage":"en-GB","potentialAction":[{"@type":"ReadAction","target":["https:\/\/ballingschmidt.dk\/privatlivspolitik\/"]}]},{"@type":"WebSite","@id":"https:\/\/ballingschmidt.dk\/#website","url":"https:\/\/ballingschmidt.dk\/","name":"Balling Schmidt","description":"","publisher":{"@id":"https:\/\/ballingschmidt.dk\/#organization"},"potentialAction":[{"@type":"SearchAction","target":{"@type":"EntryPoint","urlTemplate":"https:\/\/ballingschmidt.dk\/?s={search_term_string}"},"query-input":{"@type":"PropertyValueSpecification","valueRequired":true,"valueName":"search_term_string"}}],"inLanguage":"en-GB"},{"@type":"Organization","@id":"https:\/\/ballingschmidt.dk\/#organization","name":"Balling Schmidt","url":"https:\/\/ballingschmidt.dk\/","logo":{"@type":"ImageObject","inLanguage":"en-GB","@id":"https:\/\/ballingschmidt.dk\/#\/schema\/logo\/image\/","url":"https:\/\/ballingschmidt.dk\/wp-content\/uploads\/Group-314.png","contentUrl":"https:\/\/ballingschmidt.dk\/wp-content\/uploads\/Group-314.png","width":202,"height":60,"caption":"Balling Schmidt"},"image":{"@id":"https:\/\/ballingschmidt.dk\/#\/schema\/logo\/image\/"}}]}},"_links":{"self":[{"href":"https:\/\/ballingschmidt.dk\/en\/wp-json\/wp\/v2\/pages\/3","targetHints":{"allow":["GET"]}}],"collection":[{"href":"https:\/\/ballingschmidt.dk\/en\/wp-json\/wp\/v2\/pages"}],"about":[{"href":"https:\/\/ballingschmidt.dk\/en\/wp-json\/wp\/v2\/types\/page"}],"author":[{"embeddable":true,"href":"https:\/\/ballingschmidt.dk\/en\/wp-json\/wp\/v2\/users\/1"}],"replies":[{"embeddable":true,"href":"https:\/\/ballingschmidt.dk\/en\/wp-json\/wp\/v2\/comments?post=3"}],"version-history":[{"count":6,"href":"https:\/\/ballingschmidt.dk\/en\/wp-json\/wp\/v2\/pages\/3\/revisions"}],"predecessor-version":[{"id":3099,"href":"https:\/\/ballingschmidt.dk\/en\/wp-json\/wp\/v2\/pages\/3\/revisions\/3099"}],"wp:attachment":[{"href":"https:\/\/ballingschmidt.dk\/en\/wp-json\/wp\/v2\/media?parent=3"}],"curies":[{"name":"wp","href":"https:\/\/api.w.org\/{rel}","templated":true}]}}